{"id":2314,"date":"2020-10-04T23:58:50","date_gmt":"2020-10-04T22:58:50","guid":{"rendered":"https:\/\/www.delaor.com\/?page_id=2314"},"modified":"2021-06-19T20:58:29","modified_gmt":"2021-06-19T19:58:29","slug":"mentions-legales","status":"publish","type":"page","link":"https:\/\/www.delaor.com\/es\/mentions-legales\/","title":{"rendered":"mentions l\u00e9gales"},"content":{"rendered":"<p>[et_pb_section fb_built=\u00a0\u00bb1&Prime; fullwidth=\u00a0\u00bbon\u00a0\u00bb admin_label=\u00a0\u00bbHome header full width slider\u00a0\u00bb module_class=\u00a0\u00bbet_fullscreen_slider\u00a0\u00bb _builder_version=\u00a0\u00bb3.22.3&Prime; custom_padding=\u00a0\u00bb||\u00a0\u00bb hover_transition_duration=\u00a0\u00bb1000ms\u00a0\u00bb hover_transition_delay=\u00a0\u00bb50ms\u00a0\u00bb][et_pb_fullwidth_slider show_pagination=\u00a0\u00bboff\u00a0\u00bb admin_label=\u00a0\u00bbhome header slider\u00a0\u00bb module_id=\u00a0\u00bbhome-slider\u00a0\u00bb module_class=\u00a0\u00bbmy_slider\u00a0\u00bb _builder_version=\u00a0\u00bb4.8.2&Prime; header_font=\u00a0\u00bb||||||||\u00a0\u00bb header_font_size=\u00a0\u00bb60px\u00a0\u00bb body_font=\u00a0\u00bb||||||||\u00a0\u00bb body_font_size=\u00a0\u00bb26px\u00a0\u00bb background_position=\u00a0\u00bbbottom_center\u00a0\u00bb custom_button=\u00a0\u00bbon\u00a0\u00bb button_text_size=\u00a0\u00bb22px\u00a0\u00bb button_border_width=\u00a0\u00bb1px\u00a0\u00bb button_border_radius=\u00a0\u00bb0px\u00a0\u00bb button_font=\u00a0\u00bb||||||||\u00a0\u00bb custom_margin=\u00a0\u00bb||-22px|||\u00a0\u00bb custom_padding=\u00a0\u00bb126px||65px|||\u00a0\u00bb auto=\u00a0\u00bbon\u00a0\u00bb auto_speed=\u00a0\u00bb3000&Prime; auto_ignore_hover=\u00a0\u00bbon\u00a0\u00bb hover_transition_duration=\u00a0\u00bb0ms\u00a0\u00bb hover_transition_speed_curve=\u00a0\u00bblinear\u00a0\u00bb header_font_size_tablet=\u00a0\u00bb55px\u00a0\u00bb header_font_size_phone=\u00a0\u00bb46px\u00a0\u00bb header_font_size_last_edited=\u00a0\u00bbon|desktop\u00a0\u00bb body_font_size_tablet=\u00a0\u00bb\u00a0\u00bb body_font_size_phone=\u00a0\u00bb\u00a0\u00bb body_font_size_last_edited=\u00a0\u00bbon|phone\u00a0\u00bb][et_pb_slide heading=\u00a0\u00bbMENTIONS L\u00c9GALES\u00a0\u00bb button_link=\u00a0\u00bbhttps:\/\/www.delaor.com\/contact-2\/#contact\u00a0\u00bb _builder_version=\u00a0\u00bb4.8.2&Prime; header_font=\u00a0\u00bbSource Sans Pro|||on|||||\u00a0\u00bb body_font=\u00a0\u00bb||on||||||\u00a0\u00bb body_font_size=\u00a0\u00bb33px\u00a0\u00bb background_color=\u00a0\u00bbrgba(242,46,176,0)\u00a0\u00bb background_image=\u00a0\u00bbhttps:\/\/www.delaor.com\/wp-content\/uploads\/2019\/04\/detail1.jpeg\u00a0\u00bb background_enable_image=\u00a0\u00bbon\u00a0\u00bb parallax=\u00a0\u00bbon\u00a0\u00bb custom_button=\u00a0\u00bbon\u00a0\u00bb button_text_size=\u00a0\u00bb24px\u00a0\u00bb button_font=\u00a0\u00bb||||||||\u00a0\u00bb button_use_icon=\u00a0\u00bbon\u00a0\u00bb button_on_hover=\u00a0\u00bbon\u00a0\u00bb hover_transition_duration=\u00a0\u00bb0ms\u00a0\u00bb link_option_url=\u00a0\u00bbhttps:\/\/www.delaor.com\/contact-2\/#contact\u00a0\u00bb custom_css_main_element=\u00a0\u00bbheight: 100vh\u00a0\u00bb header_text_shadow_style=\u00a0\u00bbpreset1&Prime; header_text_shadow_color=\u00a0\u00bbrgba(0,0,0,0.98)\u00a0\u00bb sticky_transition=\u00a0\u00bbon\u00a0\u00bb]<\/p>\n<p>&nbsp;<\/p>\n<p>&nbsp;<\/p>\n<p>[\/et_pb_slide][\/et_pb_fullwidth_slider][\/et_pb_section][et_pb_section fb_built=\u00a0\u00bb1&Prime; module_id=\u00a0\u00bbcontact\u00a0\u00bb _builder_version=\u00a0\u00bb4.6.5&Prime;][et_pb_row _builder_version=\u00a0\u00bb3.25&Prime;][et_pb_column type=\u00a0\u00bb4_4&Prime; _builder_version=\u00a0\u00bb3.25&Prime; custom_padding=\u00a0\u00bb|||\u00a0\u00bb custom_padding__hover=\u00a0\u00bb|||\u00a0\u00bb][et_pb_text _builder_version=\u00a0\u00bb4.6.5&Prime; _module_preset=\u00a0\u00bbdefault\u00a0\u00bb]<\/p>\n<p>Ce site est la propri\u00e9t\u00e9 de Lara Del Aor, dont l\u2019adresse mail est\u00a0delaor.lara@gmail.com<a href=\"mailto:delaor.lara@gmail.com\"><\/a>.<\/p>\n<p>L\u2019\u00e9diteur de ce site est RR, dont l&rsquo;adresse mail est ventecreateurs@gmail.com.<\/p>\n<p>Ce site est h\u00e9berg\u00e9\u00a0par OVH SAS, dont l\u2019adresse est<b>\u00a0<\/b>le\u00a0<span>2, rue Kellermann, 59100 Roubaix.<\/span><\/p>\n<p><span><\/span><\/p>\n<p><strong>PROPRI\u00c9T\u00c9<\/strong><\/p>\n<p>L&rsquo;int\u00e9gralit\u00e9 du site est la propri\u00e9t\u00e9 exclusive de DEL AOR. Aucune reproduction ou repr\u00e9sentation ne peut avoir lieu sans le consentement \u00e9crit et pr\u00e9alable de DEL AOR.<\/p>\n<p>&nbsp;<\/p>\n<p><strong>CR\u00c9DITS PHOTO<\/strong><\/p>\n<p>Les droits des photos et des oeuvres pr\u00e9sent\u00e9es sur ce site appartiennent \u00e0 DEL AOR.\u00a0Les photographies utilis\u00e9es sur ce site ne peuvent pas \u00eatre utilis\u00e9es ou dupliqu\u00e9es sans l\u2019autorisation \u00e9crite de leur DEL AOR.<\/p>\n<p>&nbsp;<\/p>\n<p><strong>LIMITATION DE RESPONSABILIT\u00c9<\/strong><\/p>\n<p>L&rsquo;ensemble des donn\u00e9es de ce site est uniquement fourni \u00e0 titre indicatif et informatif. Il vous appartient de les v\u00e9rifier. En aucun cas, nous ne saurions \u00eatre tenus pour responsables des erreurs, omissions, alt\u00e9rations ou d\u00e9lais de mise \u00e0 jour des informations disponibles sur ce site et de leurs \u00e9ventuelles cons\u00e9quences dans le cadre de leur utilisation. DEL AOR se r\u00e9serve le droit de corriger, \u00e0 tout moment et sans pr\u00e9avis, le contenu.<\/p>\n<p>&nbsp;<\/p>\n<p><strong>DONN\u00c9ES PERSONNELLES<br \/><\/strong><\/p>\n<p>Ce site respecte la confidentialit\u00e9 des donn\u00e9es personnelles. \u00c0 ce titre, les informations recueillies dans notre formulaire sont strictement confidentielles et ne sont en aucun cas divulgu\u00e9es \u00e0 des tiers. Les donn\u00e9es nominatives enregistr\u00e9es sur ce site seront stock\u00e9es et utilis\u00e9es conform\u00e9ment \u00e0 la loi du 6 janvier 1978 relative \u00e0 l&rsquo;informatique et aux libert\u00e9s. Les utilisateurs de ce site disposent d&rsquo;un droit d&rsquo;acc\u00e8s, de rectification et de suppression des donn\u00e9es les concernant, qu&rsquo;ils peuvent exercer aupr\u00e8s de delaor.lara@gmail.com.<\/p>\n<p><strong><\/strong><\/p>\n<p><strong>COOKIES<\/strong><\/p>\n<p>Ce site utilise des cookies afin de r\u00e9aliser des statistiques anonymes des visites du site. Il s&rsquo;agit exclusivement des cookies dits \u00ab\u00a0strictement n\u00e9cessaires\u00a0\u00bb, qui ne n\u00e9cessitent pas de consentement pr\u00e9alable de la part de l&rsquo;internaute. L&rsquo;internaute peut les d\u00e9sactiver depuis son navigateur ou utiliser le mode de navigation priv\u00e9e de son navigateur.<\/p>\n<p>[\/et_pb_text][\/et_pb_column][\/et_pb_row][\/et_pb_section]<\/p>\n","protected":false},"excerpt":{"rendered":"<p>&nbsp; &nbsp;Ce site est la propri\u00e9t\u00e9 de Lara Del Aor, dont l\u2019adresse mail est\u00a0delaor.lara@gmail.com. L\u2019\u00e9diteur de ce site est RR, dont l&rsquo;adresse mail est ventecreateurs@gmail.com. Ce site est h\u00e9berg\u00e9\u00a0par OVH SAS, dont l\u2019adresse est\u00a0le\u00a02, rue Kellermann, 59100 Roubaix. PROPRI\u00c9T\u00c9 L&rsquo;int\u00e9gralit\u00e9 du site est la propri\u00e9t\u00e9 exclusive de DEL AOR. Aucune reproduction ou repr\u00e9sentation ne peut [&hellip;]<\/p>\n","protected":false},"author":5,"featured_media":0,"parent":0,"menu_order":0,"comment_status":"closed","ping_status":"closed","template":"","meta":{"_et_pb_use_builder":"on","_et_pb_old_content":"","_et_gb_content_width":"","ngg_post_thumbnail":0},"yoast_head":"<!-- This site is optimized with the Yoast SEO plugin v18.1 - https:\/\/yoast.com\/wordpress\/plugins\/seo\/ -->\n<title>DEL AOR - Mentions l\u00e9gales du site<\/title>\n<meta name=\"description\" content=\"Mentions l\u00e9gales du site de DEL AOR\" \/>\n<meta name=\"robots\" content=\"index, follow, max-snippet:-1, max-image-preview:large, max-video-preview:-1\" \/>\n<link rel=\"canonical\" href=\"https:\/\/www.delaor.com\/es\/mentions-legales\/\" \/>\n<meta name=\"twitter:label1\" content=\"Tiempo de lectura\" \/>\n\t<meta name=\"twitter:data1\" content=\"3 minutes\" \/>\n<script type=\"application\/ld+json\" class=\"yoast-schema-graph\">{\"@context\":\"https:\/\/schema.org\",\"@graph\":[{\"@type\":\"Organization\",\"@id\":\"https:\/\/www.delaor.com\/#organization\",\"name\":\"DEL AOR\",\"url\":\"https:\/\/www.delaor.com\/\",\"sameAs\":[\"https:\/\/www.facebook.com\/lara.delaor\",\"https:\/\/www.instagram.com\/del_aor\/\",\"https:\/\/www.linkedin.com\/in\/del-aor-a4319448\/\",\"http:\/\/plus.wikimonde.com\/wiki\/Del_Aor\",\"https:\/\/twitter.com\/DELAORlara\"],\"logo\":{\"@type\":\"ImageObject\",\"@id\":\"https:\/\/www.delaor.com\/#logo\",\"inLanguage\":\"es-ES\",\"url\":\"https:\/\/www.delaor.com\/wp-content\/uploads\/2019\/04\/logo.png\",\"contentUrl\":\"https:\/\/www.delaor.com\/wp-content\/uploads\/2019\/04\/logo.png\",\"width\":400,\"height\":400,\"caption\":\"DEL AOR\"},\"image\":{\"@id\":\"https:\/\/www.delaor.com\/#logo\"}},{\"@type\":\"WebSite\",\"@id\":\"https:\/\/www.delaor.com\/#website\",\"url\":\"https:\/\/www.delaor.com\/\",\"name\":\"DEL AOR\",\"description\":\"\",\"publisher\":{\"@id\":\"https:\/\/www.delaor.com\/#organization\"},\"potentialAction\":[{\"@type\":\"SearchAction\",\"target\":{\"@type\":\"EntryPoint\",\"urlTemplate\":\"https:\/\/www.delaor.com\/?s={search_term_string}\"},\"query-input\":\"required name=search_term_string\"}],\"inLanguage\":\"es-ES\"},{\"@type\":\"WebPage\",\"@id\":\"https:\/\/www.delaor.com\/en\/mentions-legales\/#webpage\",\"url\":\"https:\/\/www.delaor.com\/en\/mentions-legales\/\",\"name\":\"DEL AOR - Mentions l\u00e9gales du site\",\"isPartOf\":{\"@id\":\"https:\/\/www.delaor.com\/#website\"},\"datePublished\":\"2020-10-04T22:58:50+00:00\",\"dateModified\":\"2021-06-19T19:58:29+00:00\",\"description\":\"Mentions l\u00e9gales du site de DEL AOR\",\"breadcrumb\":{\"@id\":\"https:\/\/www.delaor.com\/en\/mentions-legales\/#breadcrumb\"},\"inLanguage\":\"es-ES\",\"potentialAction\":[{\"@type\":\"ReadAction\",\"target\":[\"https:\/\/www.delaor.com\/en\/mentions-legales\/\"]}]},{\"@type\":\"BreadcrumbList\",\"@id\":\"https:\/\/www.delaor.com\/en\/mentions-legales\/#breadcrumb\",\"itemListElement\":[{\"@type\":\"ListItem\",\"position\":1,\"name\":\"Home\",\"item\":\"https:\/\/www.delaor.com\/\"},{\"@type\":\"ListItem\",\"position\":2,\"name\":\"mentions l\u00e9gales\"}]}]}<\/script>\n<!-- \/ Yoast SEO plugin. -->","yoast_head_json":{"title":"DEL AOR - Mentions l\u00e9gales du site","description":"Mentions l\u00e9gales du site de DEL AOR","robots":{"index":"index","follow":"follow","max-snippet":"max-snippet:-1","max-image-preview":"max-image-preview:large","max-video-preview":"max-video-preview:-1"},"canonical":"https:\/\/www.delaor.com\/es\/mentions-legales\/","twitter_misc":{"Tiempo de lectura":"3 minutes"},"schema":{"@context":"https:\/\/schema.org","@graph":[{"@type":"Organization","@id":"https:\/\/www.delaor.com\/#organization","name":"DEL AOR","url":"https:\/\/www.delaor.com\/","sameAs":["https:\/\/www.facebook.com\/lara.delaor","https:\/\/www.instagram.com\/del_aor\/","https:\/\/www.linkedin.com\/in\/del-aor-a4319448\/","http:\/\/plus.wikimonde.com\/wiki\/Del_Aor","https:\/\/twitter.com\/DELAORlara"],"logo":{"@type":"ImageObject","@id":"https:\/\/www.delaor.com\/#logo","inLanguage":"es-ES","url":"https:\/\/www.delaor.com\/wp-content\/uploads\/2019\/04\/logo.png","contentUrl":"https:\/\/www.delaor.com\/wp-content\/uploads\/2019\/04\/logo.png","width":400,"height":400,"caption":"DEL AOR"},"image":{"@id":"https:\/\/www.delaor.com\/#logo"}},{"@type":"WebSite","@id":"https:\/\/www.delaor.com\/#website","url":"https:\/\/www.delaor.com\/","name":"DEL AOR","description":"","publisher":{"@id":"https:\/\/www.delaor.com\/#organization"},"potentialAction":[{"@type":"SearchAction","target":{"@type":"EntryPoint","urlTemplate":"https:\/\/www.delaor.com\/?s={search_term_string}"},"query-input":"required name=search_term_string"}],"inLanguage":"es-ES"},{"@type":"WebPage","@id":"https:\/\/www.delaor.com\/en\/mentions-legales\/#webpage","url":"https:\/\/www.delaor.com\/en\/mentions-legales\/","name":"DEL AOR - Mentions l\u00e9gales du site","isPartOf":{"@id":"https:\/\/www.delaor.com\/#website"},"datePublished":"2020-10-04T22:58:50+00:00","dateModified":"2021-06-19T19:58:29+00:00","description":"Mentions l\u00e9gales du site de DEL AOR","breadcrumb":{"@id":"https:\/\/www.delaor.com\/en\/mentions-legales\/#breadcrumb"},"inLanguage":"es-ES","potentialAction":[{"@type":"ReadAction","target":["https:\/\/www.delaor.com\/en\/mentions-legales\/"]}]},{"@type":"BreadcrumbList","@id":"https:\/\/www.delaor.com\/en\/mentions-legales\/#breadcrumb","itemListElement":[{"@type":"ListItem","position":1,"name":"Home","item":"https:\/\/www.delaor.com\/"},{"@type":"ListItem","position":2,"name":"mentions l\u00e9gales"}]}]}},"_links":{"self":[{"href":"https:\/\/www.delaor.com\/es\/wp-json\/wp\/v2\/pages\/2314"}],"collection":[{"href":"https:\/\/www.delaor.com\/es\/wp-json\/wp\/v2\/pages"}],"about":[{"href":"https:\/\/www.delaor.com\/es\/wp-json\/wp\/v2\/types\/page"}],"author":[{"embeddable":true,"href":"https:\/\/www.delaor.com\/es\/wp-json\/wp\/v2\/users\/5"}],"replies":[{"embeddable":true,"href":"https:\/\/www.delaor.com\/es\/wp-json\/wp\/v2\/comments?post=2314"}],"version-history":[{"count":10,"href":"https:\/\/www.delaor.com\/es\/wp-json\/wp\/v2\/pages\/2314\/revisions"}],"predecessor-version":[{"id":3628,"href":"https:\/\/www.delaor.com\/es\/wp-json\/wp\/v2\/pages\/2314\/revisions\/3628"}],"wp:attachment":[{"href":"https:\/\/www.delaor.com\/es\/wp-json\/wp\/v2\/media?parent=2314"}],"curies":[{"name":"wp","href":"https:\/\/api.w.org\/{rel}","templated":true}]}}